{"id":3,"date":"2025-10-22T14:37:29","date_gmt":"2025-10-22T17:37:29","guid":{"rendered":"http:\/\/previsaodoesporte.com.br\/?page_id=3"},"modified":"2025-10-27T10:07:37","modified_gmt":"2025-10-27T13:07:37","slug":"politica-de-privacidade","status":"publish","type":"page","link":"https:\/\/previsaodoesporte.com.br\/index.php\/politica-de-privacidade\/","title":{"rendered":"Pol\u00edtica de Privacidade"},"content":{"rendered":"<p>Esta pol\u00edtica de privacidade descreve como coletamos, usamos e protegemos suas informa\u00e7\u00f5es pessoais.<\/p>\n<h2>Coleta de Informa\u00e7\u00f5es<\/h2>\n<p>Coletamos informa\u00e7\u00f5es que voc\u00ea nos fornece diretamente atrav\u00e9s de formul\u00e1rios de contato e coment\u00e1rios.<\/p>\n<h2>Uso de Informa\u00e7\u00f5es<\/h2>\n<p>Utilizamos suas informa\u00e7\u00f5es apenas para responder suas mensagens e melhorar nosso conte\u00fado.<\/p>\n<h2>Prote\u00e7\u00e3o de Dados<\/h2>\n<p>Seus dados s\u00e3o armazenados de forma segura e n\u00e3o s\u00e3o compartilhados com terceiros.<\/p>\n","protected":false},"excerpt":{"rendered":"<p>Esta pol\u00edtica de privacidade descreve como coletamos, usamos e protegemos suas informa\u00e7\u00f5es pessoais. Coleta de Informa\u00e7\u00f5es Coletamos informa\u00e7\u00f5es que voc\u00ea nos fornece diretamente atrav\u00e9s de&#8230;<\/p>\n","protected":false},"author":1,"featured_media":0,"parent":0,"menu_order":0,"comment_status":"closed","ping_status":"open","template":"","meta":{"footnotes":""},"class_list":["post-3","page","type-page","status-publish","hentry"],"_links":{"self":[{"href":"https:\/\/previsaodoesporte.com.br\/index.php\/wp-json\/wp\/v2\/pages\/3","targetHints":{"allow":["GET"]}}],"collection":[{"href":"https:\/\/previsaodoesporte.com.br\/index.php\/wp-json\/wp\/v2\/pages"}],"about":[{"href":"https:\/\/previsaodoesporte.com.br\/index.php\/wp-json\/wp\/v2\/types\/page"}],"author":[{"embeddable":true,"href":"https:\/\/previsaodoesporte.com.br\/index.php\/wp-json\/wp\/v2\/users\/1"}],"replies":[{"embeddable":true,"href":"https:\/\/previsaodoesporte.com.br\/index.php\/wp-json\/wp\/v2\/comments?post=3"}],"version-history":[{"count":1,"href":"https:\/\/previsaodoesporte.com.br\/index.php\/wp-json\/wp\/v2\/pages\/3\/revisions"}],"predecessor-version":[{"id":26,"href":"https:\/\/previsaodoesporte.com.br\/index.php\/wp-json\/wp\/v2\/pages\/3\/revisions\/26"}],"wp:attachment":[{"href":"https:\/\/previsaodoesporte.com.br\/index.php\/wp-json\/wp\/v2\/media?parent=3"}],"curies":[{"name":"wp","href":"https:\/\/api.w.org\/{rel}","templated":true}]}}