{"id":24,"date":"2025-10-26T19:56:12","date_gmt":"2025-10-26T22:56:12","guid":{"rendered":"https:\/\/previsaodoesporte.com.br\/index.php\/sobre\/"},"modified":"2025-10-27T10:07:37","modified_gmt":"2025-10-27T13:07:37","slug":"sobre","status":"publish","type":"page","link":"https:\/\/previsaodoesporte.com.br\/index.php\/sobre\/","title":{"rendered":"Sobre"},"content":{"rendered":"<p>O <strong>Previs\u00e3o do Esporte<\/strong> \u00e9 o maior blog sobre o mercado de apostas esportivas do Brasil.<\/p>\n<p>Nosso objetivo \u00e9 fornecer conte\u00fado educativo e aprofundado sobre os bastidores do mercado de apostas, explicando como funcionam as odds, probabilidades, estrat\u00e9gias profissionais e a tecnologia por tr\u00e1s das casas de apostas.<\/p>\n<p>Aqui voc\u00ea encontra informa\u00e7\u00e3o de qualidade para entender realmente como o mercado funciona.<\/p>\n","protected":false},"excerpt":{"rendered":"<p>O Previs\u00e3o do Esporte \u00e9 o maior blog sobre o mercado de apostas esportivas do Brasil. Nosso objetivo \u00e9 fornecer conte\u00fado educativo e aprofundado sobre&#8230;<\/p>\n","protected":false},"author":1,"featured_media":0,"parent":0,"menu_order":0,"comment_status":"closed","ping_status":"closed","template":"","meta":{"footnotes":""},"class_list":["post-24","page","type-page","status-publish","hentry"],"_links":{"self":[{"href":"https:\/\/previsaodoesporte.com.br\/index.php\/wp-json\/wp\/v2\/pages\/24","targetHints":{"allow":["GET"]}}],"collection":[{"href":"https:\/\/previsaodoesporte.com.br\/index.php\/wp-json\/wp\/v2\/pages"}],"about":[{"href":"https:\/\/previsaodoesporte.com.br\/index.php\/wp-json\/wp\/v2\/types\/page"}],"author":[{"embeddable":true,"href":"https:\/\/previsaodoesporte.com.br\/index.php\/wp-json\/wp\/v2\/users\/1"}],"replies":[{"embeddable":true,"href":"https:\/\/previsaodoesporte.com.br\/index.php\/wp-json\/wp\/v2\/comments?post=24"}],"version-history":[{"count":1,"href":"https:\/\/previsaodoesporte.com.br\/index.php\/wp-json\/wp\/v2\/pages\/24\/revisions"}],"predecessor-version":[{"id":43,"href":"https:\/\/previsaodoesporte.com.br\/index.php\/wp-json\/wp\/v2\/pages\/24\/revisions\/43"}],"wp:attachment":[{"href":"https:\/\/previsaodoesporte.com.br\/index.php\/wp-json\/wp\/v2\/media?parent=24"}],"curies":[{"name":"wp","href":"https:\/\/api.w.org\/{rel}","templated":true}]}}